{"id":108,"date":"2019-11-04T09:25:28","date_gmt":"2019-11-04T08:25:28","guid":{"rendered":"http:\/\/drk-marienau.de\/?page_id=108"},"modified":"2019-11-04T09:33:05","modified_gmt":"2019-11-04T08:33:05","slug":"datenschutzerklaerung","status":"publish","type":"page","link":"http:\/\/drk-marienau.de\/?page_id=108","title":{"rendered":"Datenschutzerkl\u00e4rung"},"content":{"rendered":"\n<p>Die DRK-Bereitschaft Marienau nimmt den Schutz personenbezogener Daten sehr ernst. Wir m\u00f6chten, dass Sie wissen, wann wir welche Daten speichern und wie wir sie verwenden. Wir haben technische und organisatorische Ma\u00dfnahmen getroffen, die sicherstellen, dass die gesetzlichen Vorschriften \u00fcber den Datenschutz sowohl von uns als auch von externen Dienstleistern beachtet werden. Die Beachtung geltenden Datenschutzrechtes unterliegt einer st\u00e4ndigen \u00dcberpr\u00fcfung durch unseren Datenschutzbeauftragten. <\/p>\n\n\n\n<h2>I. Verantwortliche Stelle<\/h2>\n\n\n\n<p>DRK-Bereitschaft Marienau<br>Auhagenstra\u00dfe 66a<br>31863 Coppenbr\u00fcgge <\/p>\n\n\n\n<p>E-Mail: <a href=\"info@drk-marienau.de\">info@drk-marienau.de<\/a><\/p>\n\n\n\n<p><strong>\u00dcbergeordnete Stelle:<\/strong><br>DRK Kreisverband Weserbergland e. V.<br>Kaiserstr. 34<br>31785 Hameln<br>Deutschland<br>Tel.: 05151 4012-0<br>Fax: 05151 4012-40  <\/p>\n\n\n\n<h2>II. Datenschutzbeauftragter\n            <\/h2>\n\n\n\n<p>Networks-IT<br>Consulting &amp; Support<br>GmbH &amp; Co.KG<br>Sebastian Schulz<\/p>\n\n\n\n<p>Hauptstra\u00dfe 24<br>37619 Hehlen <\/p>\n\n\n\n<h2>III. Umfang der Verarbeitung personenbezogener Daten\n            <\/h2>\n\n\n\n<p>Wir erheben und verwenden personenbezogene Daten unserer Nutzer grunds\u00e4tzlich nur, soweit dies zur Bereitstellung einer funktionsf\u00e4higen Website sowie unserer Inhalte und Leistungen erforderlich ist. Die Erhebung und Verwendung personenbezogener Daten unserer Nutzer erfolgt regelm\u00e4\u00dfig nur nach Einwilligung des Nutzers. Eine Ausnahme gilt in solchen F\u00e4llen, in denen eine vorherige Einholung einer Einwilligung aus tats\u00e4chlichen Gr\u00fcnden nicht m\u00f6glich ist und die Verarbeitung der Daten durch gesetzliche Vorschriften gestattet ist.<\/p>\n\n\n\n<h2>III. Umfang der Verarbeitung personenbezogener Daten\n            <\/h2>\n\n\n\n<p>Wir erheben und verwenden personenbezogene Daten unserer Nutzer grunds\u00e4tzlich nur, soweit dies zur Bereitstellung einer funktionsf\u00e4higen Website sowie unserer Inhalte und Leistungen erforderlich ist. Die Erhebung und Verwendung personenbezogener Daten unserer Nutzer erfolgt regelm\u00e4\u00dfig nur nach Einwilligung des Nutzers. Eine Ausnahme gilt in solchen F\u00e4llen, in denen eine vorherige Einholung einer Einwilligung aus tats\u00e4chlichen Gr\u00fcnden nicht m\u00f6glich ist und die Verarbeitung der Daten durch gesetzliche Vorschriften gestattet ist.<\/p>\n\n\n\n<h2>IV. Rechtsgrundlage f\u00fcr die Verarbeitung personenbezogener Daten             <\/h2>\n\n\n\n<p>Folgende Rechtsgrundlagen bestehen f\u00fcr die Verarbeitung Ihrer personenbezogenen Daten:<\/p>\n\n\n\n<ul><li>Einwilligung<\/li><li>Die Erhebung ist zur Wahrung eines berechtigten Interesses unseres Unternehmens oder eines Dritten erforderlich und die Interessen, Grundrechte und Grundfreiheiten des Betroffenen \u00fcberwiegen das erstgenannte Interesse nicht<\/li><li>Vertragserf\u00fcllung oder vorvertragliche Ma\u00dfnahmen<\/li><li>rechtlichen Verpflichtung<\/li><\/ul>\n\n\n\n<h2>V. Datenl\u00f6schung und Speicherdauer             <\/h2>\n\n\n\n<p>Die personenbezogenen Daten der betroffenen Person werden gel\u00f6scht oder gesperrt, sobald der Zweck der Speicherung entf\u00e4llt. Eine Speicherung kann dar\u00fcber hinaus dann erfolgen, wenn der L\u00f6schung eine gesetzliche Aufbewahrungsfrist z. B. aus der Abgabenordnung und dem Handelsgesetzbuch entgegensteht. <\/p>\n\n\n\n<h1>VI. Datenschutz Online             <\/h1>\n\n\n\n<h2>Beschreibung und Umfang der Datenverarbeitung             <\/h2>\n\n\n\n<p>Bei jedem Aufruf unserer Internetseite erfasst unser System automatisiert Daten und Informationen vom Computersystem des aufrufenden Rechners. Folgende Daten werden hierbei erhoben:<\/p>\n\n\n\n<ul><li>\u00fcber den Browsertyp und die verwendete Version<\/li><li>das Betriebssystem des Nutzers<\/li><li>den Internet-Service-Provider des Nutzers<\/li><li>die IP-Adresse des Nutzers<\/li><li>Datum und Uhrzeit des Zugriffs<\/li><li>Websites, von denen das System des Nutzers auf unsere Internetseite gelangt<\/li><li>Websites, die vom System des Nutzers \u00fcber unsere Website aufgerufen werden<\/li><\/ul>\n\n\n\n<p>Mit dem Analysetool &#8222;Matamo\/HostedPiwik&#8220; wird das Nutzungsverhalten der Besucher auf unserer Webseite gemessen. Zu diesem Zweck werden die IP-Adresse (anonymisiert) und die Browserdaten gespeichert und verarbeitet.<\/p>\n\n\n\n<p>Aufgrund von gesetzlichen Vorschriften ist es uns erlaubt, die Daten und Logfiles vor\u00fcbergehend zu speichern. Die vor\u00fcbergehende Speicherung der IP-Adresse durch das System ist notwendig, um eine Auslieferung der Website an den Rechner des Nutzers zu erm\u00f6glichen. Hierf\u00fcr muss die IP-Adresse des Nutzers f\u00fcr die Dauer der Sitzung gespeichert bleiben. Die Daten werden bis zum Ende der jeweiligen Sitzung von uns gespeichert und dann automatisch gel\u00f6scht. Da diese Daten f\u00fcr den Betrieb der Webseite zwingend erforderlich sind, haben Sie als Nutzer keine M\u00f6glichkeit der Verarbeitung zu widersprechen.<\/p>\n\n\n\n<h2>Cookies             <\/h2>\n\n\n\n<p>Diese Website verwendet Cookies. Cookies sind verschl\u00fcsselte Textfolgen, die eine Website auf dem Computer des Benutzers \/ der Benutzerin speichert. Cookies erm\u00f6glichen es, diesen Internetauftritt an Ihre Bed\u00fcrfnisse anzupassen. Zus\u00e4tzlich werden Cookies verwendet, um auf dieser Internetseite die Nutzung verschiedener Seiten zu messen.&nbsp;<\/p>\n\n\n\n<p>Die Arten von Cookies werden als \u201eSession-Cookies\u201c und \u201ePersistent-Cookies\u201c bezeichnet. &#8222;Session-Cookies&#8220; sind tempor\u00e4r und werden automatisch gel\u00f6scht, sobald Sie den Internetauftritt verlassen. &#8222;Persistent-Cookies&#8220; verbleiben auf der Festplatte Ihres Computers bis Sie diese l\u00f6schen. \u201ePersistent-Cookies\u201c werden hier nur eingesetzt, damit Sie nicht bei jedem Besuch erneut die Cookie-Setzung best\u00e4tigen m\u00fcssen.<\/p>\n\n\n\n<h2>Weitergabe personenbezogener Informationen an Dritte             <\/h2>\n\n\n\n<p>Wir verwenden Ihre personenbezogenen Informationen nur innerhalb des DRK-Kreisverband Weserbergland e.V. sowie verbundener Unternehmen f\u00fcr Spenderbetreuung und Bankeinzug. Dar\u00fcber hinaus geben wir Ihre Daten generell nicht an Dritte weiter. \n<\/p>\n\n\n\n<p> Alle Personen, die mit Ihren Daten arbeiten, sind an das BDSG, andere gesetzliche Vorschriften und vertraglich an die Privacy Policy des DRK-Kreisverband Weserbergland e.V. gebunden. Soweit wir aber gesetzlich oder per Gerichtsbeschluss dazu verpflichtet werden, geben wir Ihre Daten an auskunftsberechtigte Stellen weiter.<\/p>\n\n\n\n<h2>Technische Standards &#8211; Gesicherte \u00dcbertragung             <\/h2>\n\n\n\n<p>Wir verwenden beim Datentransfer das sogenannte SSL-Sicherheitssystem (Secure Socket Layer) in Verbindung mit einer 128-Bit-Verschl\u00fcsselung. Diese Technik bietet h\u00f6chste Sicherheit und wird daher beispielsweise auch von Banken zum Datenschutz beim Online-Banking eingesetzt. An der geschlossenen Darstellung eines Sch\u00fcssel- bzw. Schloss-Symbols in der unteren Statusleiste Ihres Browsers erkennen Sie, dass die Daten verschl\u00fcsselt \u00fcbertragen werden. \n<\/p>\n\n\n\n<p> Unsere Ma\u00dfnahmen werden bei \u00c4nderungen dem Stand der Technik fortlaufend angepasst. Dennoch weisen wir darauf hin, dass der Datenschutz f\u00fcr \u00dcbertragung von Daten innerhalb der Internets nach dem derzeitigen Stand der Technik nicht umfassend gew\u00e4hrleistet werden kann. Andere User des Internets sind unter Umst\u00e4nden technisch in der Lage, unbefugt in die Netzsicherheit einzugreifen und den Nachrichtenverkehr zu kontrollieren. \n<\/p>\n\n\n\n<p> Unser Online-Angebot enth\u00e4lt Links zu anderen Websites. Wir haben keinen Einfluss darauf, dass deren Betreiber die Datenschutzbestimmungen einhalten. Auch haben wir keinerlei Einfluss auf die Rechtm\u00e4\u00dfigkeit der Inhalte dieser Websites. Daher weisen wir jegliche Verantwortung f\u00fcr die Inhalte anderer Websites zur\u00fcck. <\/p>\n\n\n\n<h1>VII. Kontaktformular und E-Mail-Kontakt             <\/h1>\n\n\n\n<p>Auf unserer Webseite finden Sie auch Kontaktformulare. Diese k\u00f6nnen zur elektronischen Kontaktaufnahme genutzt werden. Die darin eingegebenen Daten werden von uns verarbeitet. Folgende Daten werden im Rahmen der Kontaktaufnahme verarbeitet:&nbsp;<\/p>\n\n\n\n<ul><li>IP-Adresse<\/li><li>Datum und Uhrzeit der Eingabe<\/li><li>Emailadresse<\/li><li>Nachname, Vorname<\/li><\/ul>\n\n\n\n<p>F\u00fcr die Verarbeitung der Daten wird im Rahmen des Absende-Vorgangs Ihre Einwilligung eingeholt und auf diese Datenschutzerkl\u00e4rung verwiesen.<br>Sie k\u00f6nnen zur Kontaktaufnahme auch unsere Emailadresse nutzen. Ihre Email wird bei uns verarbeitet. Eine Weitergabe Ihrer Daten an Dritte erfolgt nicht. Die Daten werden ausschlie\u00dflich f\u00fcr die Verarbeitung der Konversation verwendet. Rechtsgrundlage f\u00fcr die Datenverarbeitung ist eine Einwilligung. Sollten Sie den Kontakt zu uns suchen, um einen Vertrag abzuschlie\u00dfen, so ist die Rechtsgrundlage die Vertragserf\u00fcllung oder eine vorvertragliche Ma\u00dfnahme. Zweck der Dateneingabe in das Kontaktformular ist die Kontaktaufnahme zu uns. Die Daten werden gel\u00f6scht, wenn der Zweck der Datenverarbeitung erreicht ist. Dies kann bei der Kontaktaufnahme von den Umst\u00e4nden des Einzelfalls abh\u00e4ngen. M\u00f6glicherweise steht der unmittelbaren L\u00f6schung eine gesetzliche Aufbewahrungsfrist entgegen. Sie k\u00f6nnen jederzeit Ihre Einwilligung uns gegen\u00fcber widerrufen.<\/p>\n\n\n\n<h1>VIII. Datenschutz am Telefon             <\/h1>\n\n\n\n<h2>Beschreibung und Umfang der Datenverarbeitung am Telefon             <\/h2>\n\n\n\n<p>Die Beratung am Telefon beschr\u00e4nkt sich auf Basisinformationen. Hierf\u00fcr werden noch keine Daten erhoben und gespeichert. Sind weiterf\u00fchrende Informationen bzw. Angebote notwendig, vermitteln wir den Kontakt zum zust\u00e4ndigen und kompetenten Ansprechpartner vor Ort, dem Fachberater in der Verbandsgliederung oder einzelnen Einrichtung. Hierf\u00fcr ben\u00f6tigen wir folgende Daten von Ihnen:<\/p>\n\n\n\n<ul><li>Name<\/li><li>Adresse<\/li><li>Telefonnummer<\/li><li>E-Mail<\/li><li>Art der gew\u00fcnschten Kontaktaufnahme<\/li><li>ihr Anliegen<\/li><\/ul>\n\n\n\n<h2>Weitergabe personenbezogener Daten an Dritte (Telefon)             <\/h2>\n\n\n\n<p>Ist die Vermittlung an einen Ansprechpartner vor Ort, den Fachberater in der Verbandsgliederung oder einzelnen Einrichtungen notwendig, werden wir ihre personenbezogenen Daten \u00fcber eine sichere Verbindung dorthin weiterleiten. <\/p>\n\n\n\n<h2>Technische Standards &#8211; Gesicherte \u00dcbertragung             <\/h2>\n\n\n\n<p>Der DRK-Kreisverband Weserbergland e.V. beachtet die Grunds\u00e4tze ordnungsgem\u00e4\u00dfer Datenverarbeitung gem. Art. 32 i.V. m Art. 5 Abs. 1 DSGVO.&nbsp;<\/p>\n\n\n\n<p>Der DRK-Kreisverband Weserbergland e.V. wird alle erforderlichen Ma\u00dfnahmen zur Sicherung der Daten bzw. der Sicherheit der Verarbeitung, insb. auch unter Ber\u00fccksichtigung des Standes der Technik sowie zur Minderung m\u00f6glicher nachteiliger Folgen f\u00fcr Betroffene ergreifen. Die zu treffenden Ma\u00dfnahmen zum Schutz der Vertraulichkeit, Integrit\u00e4t, Verf\u00fcgbarkeit und Belastbarkeit der Systeme und Ma\u00dfnahmen, die die Kontinuit\u00e4t der Verarbeitung nach Zwischenf\u00e4llen gew\u00e4hrleisten. Um stets ein angemessenes Sicherheitsniveau gew\u00e4hrleisten zu k\u00f6nnen werden die Ma\u00dfnahmen regelm\u00e4\u00dfig \u00fcberpr\u00fcft und ggf. angepasst.<\/p>\n\n\n\n<p>Beim Datentransfer wird das sogenannte SSL-Sicherheitssystem (Secure Socket Layer) verwendet. Diese Technik bietet h\u00f6chste Sicherheit und wird daher beispielsweise auch von Banken zum Datenschutz beim Online-Banking eingesetzt.<\/p>\n\n\n\n<h2>Datenl\u00f6schung und Speicherdauer             <\/h2>\n\n\n\n<p>Die personenbezogenen Daten der betroffenen Person werden gel\u00f6scht oder gesperrt, sobald der Zweck der Speicherung entf\u00e4llt, sp\u00e4testens jedoch nach 12 Monaten. Eine Speicherung kann dar\u00fcber hinaus dann erfolgen, wenn der L\u00f6schung eine gesetzliche Aufbewahrungsfrist z. B. aus der Abgabenordnung und dem Handelsgesetzbuch entgegensteht. <\/p>\n\n\n\n<h2>IX. Verwendung von Facebook &#8222;Social Plugins&#8220;             <\/h2>\n\n\n\n<p>Dieser Internetauftritt verwendet \u201eSocial Plugins\u201c (\u201ePlugins\u201c) des sozialen Netzwerkes facebook.com, welches von der Facebook Inc., 1601 S. California Ave, Palo Alto, CA 94304, USA betrieben wird (\u201eFacebook\u201c). Die Plugins sind mit einem Facebook Logo oder dem Text \u201eFacebook\u201c gekennzeichnet. \n<\/p>\n\n\n\n<p> Wenn Sie eine Webseite dieses Internetauftritts aufrufen, die ein solches Plugin enth\u00e4lt, baut Ihr Browser eine direkte Verbindung mit den Servern von Facebook auf. Der Inhalt des Plugins wird von Facebook direkt an Ihren Browser \u00fcbermittelt und von diesem in die Webseite eingebunden. \n<\/p>\n\n\n\n<p> Durch die Einbindung des Plugins erh\u00e4lt Facebook die Information, dass Sie die entsprechende Seite dieses Internetauftritts aufgerufen haben. Sind Sie bei Facebook eingeloggt, kann Facebook den Besuch Ihrem Facebook-Konto zuordnen. Wenn Sie mit den Plugins interagieren, zum Beispiel den \u201eGef\u00e4llt mir\u201c Button bet\u00e4tigen oder einen Kommentar abgeben, wird die entsprechende Information von Ihrem Browser direkt an Facebook \u00fcbermittelt und dort gespeichert. \n<\/p>\n\n\n\n<p> Zweck und Umfang der Datenerhebung und die weitere Verarbeitung und Nutzung der Daten durch Facebook sowie Ihre diesbez\u00fcglichen Rechte und Einstellungsm\u00f6glichkeiten zum Schutz Ihrer Privatsph\u00e4re entnehmen Sie bitte den Datenschutzhinweisen von Facebook. \n<\/p>\n\n\n\n<p> Wenn Sie nicht m\u00f6chten, dass Facebook \u00fcber diesen Internetauftritt Daten \u00fcber Sie sammelt, m\u00fcssen Sie sich vor Ihrem Besuch unseres Internetauftritts bei Facebook ausloggen.<\/p>\n\n\n\n<h2>X. Verwendung von weiteren Social Plugins             <\/h2>\n\n\n\n<p>Dieser Internetauftritt verwendet Social Plugins von verschiedenen sozialen Netzwerken. \n<\/p>\n\n\n\n<p>Wenn Sie eine Seite dieses Internetauftritts aufrufen, die ein solches Plugin enth\u00e4lt, baut Ihr Browser eine direkte Verbindung mit den Servern des Social Plugins auf. Der Inhalt des Plugins wird direkt an Ihren Browser \u00fcbermittelt und von diesem in die Webseite eingebunden. \n<\/p>\n\n\n\n<p>Wenn Sie mit den Plugins interagieren, zum Beispiel den \u201eGef\u00e4llt mir\u201c Button bet\u00e4tigen oder einen Kommentar abgeben, wird die entsprechende Information von Ihrem Browser direkt an den jeweiligen Anbieter \u00fcbermittelt und dort evtl. gespeichert. \n<\/p>\n\n\n\n<p>Wenn Sie nicht m\u00f6chten, dass ein Social Plugin \u00fcber diesen Internetauftritt Daten \u00fcber Sie sammelt, m\u00fcssen Sie sich vor dem Besuch dieses Internetauftritts bei dem jeweiligen Netzwerk ausloggen. \n<\/p>\n\n\n\n<p>Wir stehen Ihnen gerne zur Verf\u00fcgung, falls Sie R\u00fcckfragen zu dieser Technik oder bez\u00fcglich des Schutzes Ihrer Daten haben. \n<\/p>\n\n\n\n<p>Sie haben jederzeit das Recht auf Auskunft \u00fcber die bez\u00fcglich Ihrer Person gespeicherten Daten, deren Herkunft und Empf\u00e4nger sowie den Zweck der Datenverarbeitung.<\/p>\n\n\n\n<h1>XI. Ihre Rechte             <\/h1>\n\n\n\n<p>Sind Sie Betroffener, stehen Ihnen folgende Rechte uns gegen\u00fcber zu:<\/p>\n\n\n\n<ul><li>Sie k\u00f6nnen Auskunft verlangen, welche personenbezogenen Daten \u00fcber Sie zu welchem Zweck bei uns gespeichert sind. Ebenso m\u00fcssen Sie dar\u00fcber unterrichtet werden, wenn Ihre Daten an Dritte \u00fcbermittelt werden. In diesem Fall ist Ihnen gegen\u00fcber die Identit\u00e4t des Empf\u00e4ngers oder \u00fcber die Kategorien von Empf\u00e4ngern Auskunft zu geben.<\/li><li>Sollten Ihre personenbezogenen Daten unrichtig oder unvollst\u00e4ndig sein, so k\u00f6nnen Sie Ihre Berichtigung oder Erg\u00e4nzung verlangen.<\/li><li>Sie k\u00f6nnen der Verarbeitung Ihrer personenbezogenen Daten zu Werbezwecken widersprechen. F\u00fcr diese Zwecke m\u00fcssen Ihre Daten dann gesperrt werden.<\/li><li>Sie haben ein Recht auf Einschr\u00e4nkung der Verarbeitung, wenn Sie die Richtigkeit der Sie betreffenden personenbezogenen Daten f\u00fcr eine Dauer bestreiten, die es dem Verantwortlichen erm\u00f6glicht, die Richtigkeit der personenbezogenen Daten zu \u00fcberpr\u00fcfen; die Verarbeitung unrechtm\u00e4\u00dfig ist und Sie die L\u00f6schung der personenbezogenen Daten ablehnen und stattdessen die Einschr\u00e4nkung der Nutzung der personenbezogenen Daten verlangen; der Verantwortliche die personenbezogenen Daten f\u00fcr die Zwecke der Verarbeitung nicht l\u00e4nger ben\u00f6tigt, Sie diese jedoch zur Geltendmachung, Aus\u00fcbung oder Verteidigung von Rechtsanspr\u00fcchen ben\u00f6tigen, oder wenn Sie Widerspruch gegen die Verarbeitung gem\u00e4\u00df Art. 21 Abs. 1 DSGVO eingelegt haben und noch nicht feststeht, ob die berechtigten Gr\u00fcnde des Verantwortlichen gegen\u00fcber Ihren Gr\u00fcnden \u00fcberwiegen.<\/li><li>Sie k\u00f6nnen die L\u00f6schung Ihrer Daten verlangen. Dies ist dann m\u00f6glich, wenn die Rechtsgrundlage f\u00fcr die Datenverarbeitung fehlt oder weggefallen ist. Gleiches gilt f\u00fcr den Fall, dass der Zweck der Datenverarbeitung durch Zeitablauf oder anderen Gr\u00fcnden entfallen ist. Bitte beachten Sie, dass einer L\u00f6schung eine bestehende Aufbewahrungsfrist oder andere schutzw\u00fcrdige Interessen unseres Unternehmens entgegenstehen k\u00f6nnen. Auf Nachfrage teilen wir Ihnen dieses gerne mit. Sollten wir Ihre Daten \u00f6ffentlich gemacht haben, so sind wir verpflichtet, jeden Empf\u00e4nger dar\u00fcber zu informieren, dass Sie die L\u00f6schung aller Links zu diesen personenbezogenen Daten oder von Kopien dieser personenbezogenen Daten verlangt haben.<\/li><li>Sie haben zudem ein Widerspruchsrecht, wenn Ihr schutzw\u00fcrdiges Interesse aufgrund einer pers\u00f6nlichen Situation das Interesse der Verarbeitung \u00fcberwiegt. Dies gilt aber dann nicht, wenn wir aufgrund einer Rechtsvorschrift zur Durchf\u00fchrung der Verarbeitung verpflichtet sind.<\/li><li>Unbeschadet eines anderweitigen verwaltungsrechtlichen oder gerichtlichen Rechtsbehelfs steht Ihnen das Recht auf Beschwerde bei einer Aufsichtsbeh\u00f6rde zu, wenn Sie der Ansicht sind, dass die Verarbeitung der Sie betreffenden personenbezogenen Daten gegen den Datenschutz verst\u00f6\u00dft.<\/li><li>Sie haben ein Beschwerderecht bei der zust\u00e4ndigen Aufsichtsbeh\u00f6rde:Die Landesbeauftragte f\u00fcr den Datenschutz Niedersachsen, Prinzenstra\u00dfe 5, 30159 Hannover, Tel.: (0511) 120-4500, Fax: (0511) 120-4599.<\/li><\/ul>\n\n\n\n<h2>XII. Fragen und Kommentare             <\/h2>\n\n\n\n<p>F\u00fcr Fragen, Anregungen oder Kommentare zum Thema Datenschutz nutzen Sie bitte unser <a href=\"https:\/\/www.drk-weserbergland.de\/ueber-uns\/kontakt\/kontaktformular.html\">Kontaktformular<\/a>.<\/p>\n","protected":false},"excerpt":{"rendered":"<p>Die DRK-Bereitschaft Marienau nimmt den Schutz personenbezogener Daten sehr ernst. Wir m\u00f6chten, dass Sie wissen, wann wir welche Daten speichern und wie wir sie verwenden. Wir haben technische und organisatorische Ma\u00dfnahmen getroffen, die sicherstellen, dass die gesetzlichen Vorschriften \u00fcber den &hellip; <a href=\"http:\/\/drk-marienau.de\/?page_id=108\">Weiterlesen <span class=\"meta-nav\">&rarr;<\/span><\/a><\/p>\n","protected":false},"author":1,"featured_media":0,"parent":0,"menu_order":0,"comment_status":"closed","ping_status":"closed","template":"","meta":{"spay_email":""},"_links":{"self":[{"href":"http:\/\/drk-marienau.de\/index.php?rest_route=\/wp\/v2\/pages\/108"}],"collection":[{"href":"http:\/\/drk-marienau.de\/index.php?rest_route=\/wp\/v2\/pages"}],"about":[{"href":"http:\/\/drk-marienau.de\/index.php?rest_route=\/wp\/v2\/types\/page"}],"author":[{"embeddable":true,"href":"http:\/\/drk-marienau.de\/index.php?rest_route=\/wp\/v2\/users\/1"}],"replies":[{"embeddable":true,"href":"http:\/\/drk-marienau.de\/index.php?rest_route=%2Fwp%2Fv2%2Fcomments&post=108"}],"version-history":[{"count":3,"href":"http:\/\/drk-marienau.de\/index.php?rest_route=\/wp\/v2\/pages\/108\/revisions"}],"predecessor-version":[{"id":111,"href":"http:\/\/drk-marienau.de\/index.php?rest_route=\/wp\/v2\/pages\/108\/revisions\/111"}],"wp:attachment":[{"href":"http:\/\/drk-marienau.de\/index.php?rest_route=%2Fwp%2Fv2%2Fmedia&parent=108"}],"curies":[{"name":"wp","href":"https:\/\/api.w.org\/{rel}","templated":true}]}}