{"id":114,"date":"2019-11-04T09:58:56","date_gmt":"2019-11-04T08:58:56","guid":{"rendered":"http:\/\/drk-marienau.de\/?page_id=114"},"modified":"2019-11-04T09:58:56","modified_gmt":"2019-11-04T08:58:56","slug":"impressum","status":"publish","type":"page","link":"http:\/\/drk-marienau.de\/?page_id=114","title":{"rendered":"Impressum"},"content":{"rendered":"\n<h2>Anschrift<\/h2>\n\n\n\n<p>DRK-Bereitschaft Marienau<br>Auhagenstra\u00dfe 66a<br>31863 Coppenbr\u00fcgge <\/p>\n\n\n\n<p>E-Mail: <a href=\"info@drk-marienau.de\">info@drk-marienau.de<\/a> <\/p>\n\n\n\n<p><strong>Zugeh\u00f6riger Kreisverband:<\/strong>\n<\/p>\n\n\n\n<p>DRK-Kreisverband Weserbergland e. V. \n<\/p>\n\n\n\n<p><strong>Inhaltlich Verantwortliche:<\/strong>\n<\/p>\n\n\n\n<p>Vanessa Koch, Dominik Wessel, Moritz Eifler<\/p>\n\n\n\n<h2>Copyright<\/h2>\n\n\n\n<p>\u00a9 2019 Deutsches Rotes Kreuz Bereitschaft Marienau. <\/p>\n\n\n\n<p><strong>Template und Layout: <\/strong>WordPress<br><strong>Content-Management-System: <\/strong>WordPress Content Mangement System<br><strong>Hosting: <\/strong>Strato AG, Pascalstra\u00dfe 10, 10587 Berlin<br><strong>Video und Fotografie:<\/strong>\u00a0siehe Bildnachweis auf den jeweiligen Seiten<\/p>\n\n\n\n<h2>Haftungsausschluss<\/h2>\n\n\n\n<h3>1. Inhalt des Onlineangebotes<\/h3>\n\n\n\n<p>Der Autor \u00fcbernimmt keinerlei Gew\u00e4hr f\u00fcr die Aktualit\u00e4t, Korrektheit,\n  Vollst\u00e4ndigkeit oder Qualit\u00e4t der bereitgestellten Informationen.  \nHaftungsanspr\u00fcche gegen den Autor, welche sich auf Sch\u00e4den materieller  \noder ideeller Art beziehen, die durch die Nutzung oder Nichtnutzung der \n dargebotenen Informationen bzw. durch die Nutzung fehlerhafter und  \nunvollst\u00e4ndiger Informationen verursacht wurden, sind grunds\u00e4tzlich  \nausgeschlossen, sofern seitens des Autors kein nachweislich  \nvors\u00e4tzliches oder grob fahrl\u00e4ssiges Verschulden vorliegt. Alle Angebote\n  sind freibleibend und unverbindlich. Der Autor beh\u00e4lt es sich  \nausdr\u00fccklich vor, Teile der Seiten oder das gesamte Angebot ohne  \ngesonderte Ank\u00fcndigung zu ver\u00e4ndern, zu erg\u00e4nzen, zu l\u00f6schen oder die  \nVer\u00f6ffentlichung zeitweise oder endg\u00fcltig einzustellen. \n<\/p>\n\n\n\n<h3>2. Verweise und Links<\/h3>\n\n\n\n<p>Bei direkten oder indirekten Verweisen auf fremde Webseiten  \n(&#8222;Hyperlinks&#8220;), die au\u00dferhalb des Verantwortungsbereiches des Autors  \nliegen, w\u00fcrde eine Haftungsverpflichtung ausschlie\u00dflich in dem Fall in  \nKraft treten, in dem der Autor von den Inhalten Kenntnis hat und es ihm \n technisch m\u00f6glich und zumutbar w\u00e4re, die Nutzung im Falle \nrechtswidriger  Inhalte zu verhindern. Der Autor erkl\u00e4rt hiermit \nausdr\u00fccklich, dass zum  Zeitpunkt der Linksetzung keine illegalen \nInhalte auf den zu  verlinkenden Seiten erkennbar waren. Auf die \naktuelle und zuk\u00fcnftige  Gestaltung, die Inhalte oder die Urheberschaft \nder  verlinkten\/verkn\u00fcpften Seiten hat der Autor keinerlei Einfluss. \nDeshalb  distanziert er sich hiermit ausdr\u00fccklich von allen Inhalten \naller  verlinkten \/verkn\u00fcpften Seiten, die nach der Linksetzung \nver\u00e4ndert  wurden. Diese Feststellung gilt f\u00fcr alle innerhalb des \neigenen  Internetangebotes gesetzten Links und Verweise sowie f\u00fcr \nFremdeintr\u00e4ge  in vom Autor eingerichteten G\u00e4steb\u00fcchern, \nDiskussionsforen,  Linkverzeichnissen, Mailinglisten und in allen \nanderen Formen von  Datenbanken, auf deren Inhalt externe \nSchreibzugriffe m\u00f6glich sind. F\u00fcr  illegale, fehlerhafte oder \nunvollst\u00e4ndige Inhalte und insbesondere f\u00fcr  Sch\u00e4den, die aus der \nNutzung oder Nichtnutzung solcherart dargebotener  Informationen \nentstehen, haftet allein der Anbieter der Seite, auf  welche verwiesen \nwurde, nicht derjenige, der \u00fcber Links auf die  jeweilige \nVer\u00f6ffentlichung lediglich verweist. \n<\/p>\n\n\n\n<h3>3. Urheber- und Kennzeichenrecht<\/h3>\n\n\n\n<p>Der Autor ist bestrebt, in allen Publikationen die Urheberrechte der \n verwendeten Bilder, Grafiken, Tondokumente, Videosequenzen und Texte zu\n  beachten, von ihm selbst erstellte Bilder, Grafiken, Tondokumente,  \nVideosequenzen und Texte zu nutzen oder auf lizenzfreie Grafiken,  \nTondokumente, Videosequenzen und Texte zur\u00fcckzugreifen. Alle innerhalb  \ndes Internetangebotes genannten und ggf. durch Dritte gesch\u00fctzten  \nMarken- und Warenzeichen unterliegen uneingeschr\u00e4nkt den Bestimmungen  \ndes jeweils g\u00fcltigen Kennzeichenrechts und den Besitzrechten der  \njeweiligen eingetragenen Eigent\u00fcmer. Allein aufgrund der blo\u00dfen Nennung \n ist nicht der Schluss zu ziehen, dass Markenzeichen nicht durch Rechte \n Dritter gesch\u00fctzt sind! Das Copyright f\u00fcr ver\u00f6ffentlichte, vom Autor  \nselbst erstellte Objekte bleibt allein beim Autor der Seiten. Eine  \nVervielf\u00e4ltigung oder Verwendung solcher Grafiken, Tondokumente,  \nVideosequenzen und Texte in anderen elektronischen oder gedruckten  \nPublikationen ist ohne ausdr\u00fcckliche Zustimmung des Autors nicht  \ngestattet. \n<\/p>\n\n\n\n<h3>4. Datenschutz<\/h3>\n\n\n\n<p>Sofern innerhalb des Internetangebotes die M\u00f6glichkeit zur Eingabe  \npers\u00f6nlicher oder gesch\u00e4ftlicher Daten (Emailadressen, Namen,  \nAnschriften) besteht, so erfolgt die Preisgabe dieser Daten seitens des \n Nutzers auf ausdr\u00fccklich freiwilliger Basis. Die Inanspruchnahme und  \nBezahlung aller angebotenen Dienste ist &#8211; soweit technisch m\u00f6glich und  \nzumutbar &#8211; auch ohne Angabe solcher Daten bzw. unter Angabe  \nanonymisierter Daten oder eines Pseudonyms gestattet. Die Nutzung der im\n  Rahmen des Impressums oder vergleichbarer Angaben ver\u00f6ffentlichten  \nKontaktdaten wie Postanschriften, Telefon- und Faxnummern sowie  \nEmailadressen durch Dritte zur \u00dcbersendung von nicht ausdr\u00fccklich  \nangeforderten Informationen ist nicht gestattet. Rechtliche Schritte  \ngegen die Versender von sogenannten Spam-Mails bei Verst\u00f6ssen gegen  \ndieses Verbot sind ausdr\u00fccklich vorbehalten. \n<\/p>\n\n\n\n<h3>5. Rechtswirksamkeit dieses Haftungsausschlusses<\/h3>\n\n\n\n<p>Dieser Haftungsausschluss ist als Teil des Internetangebotes zu  \nbetrachten, von dem aus auf diese Seite verwiesen wurde. Sofern Teile  \noder einzelne Formulierungen dieses Textes der geltenden Rechtslage  \nnicht, nicht mehr oder nicht vollst\u00e4ndig entsprechen sollten, bleiben  \ndie \u00fcbrigen Teile des Dokumentes in ihrem Inhalt und ihrer G\u00fcltigkeit  \ndavon unber\u00fchrt.<\/p>\n","protected":false},"excerpt":{"rendered":"<p>Anschrift DRK-Bereitschaft MarienauAuhagenstra\u00dfe 66a31863 Coppenbr\u00fcgge E-Mail: info@drk-marienau.de Zugeh\u00f6riger Kreisverband: DRK-Kreisverband Weserbergland e. V. Inhaltlich Verantwortliche: Vanessa Koch, Dominik Wessel, Moritz Eifler Copyright \u00a9 2019 Deutsches Rotes Kreuz Bereitschaft Marienau. Template und Layout: WordPressContent-Management-System: WordPress Content Mangement SystemHosting: Strato AG, Pascalstra\u00dfe &hellip; <a href=\"http:\/\/drk-marienau.de\/?page_id=114\">Weiterlesen <span class=\"meta-nav\">&rarr;<\/span><\/a><\/p>\n","protected":false},"author":1,"featured_media":0,"parent":0,"menu_order":0,"comment_status":"closed","ping_status":"closed","template":"","meta":{"spay_email":""},"_links":{"self":[{"href":"http:\/\/drk-marienau.de\/index.php?rest_route=\/wp\/v2\/pages\/114"}],"collection":[{"href":"http:\/\/drk-marienau.de\/index.php?rest_route=\/wp\/v2\/pages"}],"about":[{"href":"http:\/\/drk-marienau.de\/index.php?rest_route=\/wp\/v2\/types\/page"}],"author":[{"embeddable":true,"href":"http:\/\/drk-marienau.de\/index.php?rest_route=\/wp\/v2\/users\/1"}],"replies":[{"embeddable":true,"href":"http:\/\/drk-marienau.de\/index.php?rest_route=%2Fwp%2Fv2%2Fcomments&post=114"}],"version-history":[{"count":1,"href":"http:\/\/drk-marienau.de\/index.php?rest_route=\/wp\/v2\/pages\/114\/revisions"}],"predecessor-version":[{"id":115,"href":"http:\/\/drk-marienau.de\/index.php?rest_route=\/wp\/v2\/pages\/114\/revisions\/115"}],"wp:attachment":[{"href":"http:\/\/drk-marienau.de\/index.php?rest_route=%2Fwp%2Fv2%2Fmedia&parent=114"}],"curies":[{"name":"wp","href":"https:\/\/api.w.org\/{rel}","templated":true}]}}